{"id":26695,"date":"2022-01-07T16:31:30","date_gmt":"2022-01-07T16:31:30","guid":{"rendered":"https:\/\/seroco.fi\/avaleht\/"},"modified":"2024-06-17T15:19:23","modified_gmt":"2024-06-17T15:19:23","slug":"avaleht","status":"publish","type":"page","link":"https:\/\/seroco.fi\/et\/","title":{"rendered":"Avaleht"},"content":{"rendered":"<p>[et_pb_section fb_built=&#8221;1&#8243; admin_label=&#8221;Section&#8221; _builder_version=&#8221;4.22.1&#8243; use_background_color_gradient=&#8221;on&#8221; background_color_gradient_stops=&#8221;rgba(0,0,0,0.43) 0%|rgba(0,0,0,0.43) 100%&#8221; background_color_gradient_overlays_image=&#8221;on&#8221; background_color_gradient_start=&#8221;rgba(0,0,0,0.43)&#8221; background_color_gradient_end=&#8221;rgba(0,0,0,0.43)&#8221; background_image=&#8221;https:\/\/seroco.fi\/wp-content\/uploads\/2022\/04\/front-page-picture-1.jpg&#8221; custom_padding=&#8221;195px||195px||true|false&#8221; hover_enabled=&#8221;0&#8243; da_disable_devices=&#8221;off|off|off&#8221; global_colors_info=&#8221;{}&#8221; sticky_enabled=&#8221;0&#8243; da_is_popup=&#8221;off&#8221; da_exit_intent=&#8221;off&#8221; da_has_close=&#8221;on&#8221; da_alt_close=&#8221;off&#8221; da_dark_close=&#8221;off&#8221; da_not_modal=&#8221;on&#8221; da_is_singular=&#8221;off&#8221; da_with_loader=&#8221;off&#8221; da_has_shadow=&#8221;on&#8221;][et_pb_row use_custom_gutter=&#8221;on&#8221; gutter_width=&#8221;2&#8243; make_equal=&#8221;on&#8221; _builder_version=&#8221;4.16&#8243; width=&#8221;90%&#8221; width_tablet=&#8221;90%&#8221; width_phone=&#8221;90%&#8221; width_last_edited=&#8221;on|tablet&#8221; max_width=&#8221;1180px&#8221; max_width_tablet=&#8221;90%&#8221; max_width_phone=&#8221;90%&#8221; max_width_last_edited=&#8221;on|phone&#8221; global_colors_info=&#8221;{}&#8221;][et_pb_column type=&#8221;4_4&#8243; _builder_version=&#8221;4.16&#8243; global_colors_info=&#8221;{}&#8221;][et_pb_text _builder_version=&#8221;4.16&#8243; header_font=&#8221;Montserrat|700||on|||||&#8221; header_text_align=&#8221;center&#8221; header_text_color=&#8221;#ffffff&#8221; header_font_size=&#8221;60px&#8221; animation_style=&#8221;fade&#8221; header_font_size_tablet=&#8221;45px&#8221; header_font_size_phone=&#8221;30px&#8221; header_font_size_last_edited=&#8221;on|desktop&#8221; global_colors_info=&#8221;{}&#8221;]<\/p>\n<h1>Seroco <span>\u00ae<\/span><\/h1>\n<p>[\/et_pb_text][et_pb_text _builder_version=&#8221;4.16&#8243; text_font=&#8221;Montserrat|700||on|||||&#8221; text_text_color=&#8221;#ffffff&#8221; text_letter_spacing=&#8221;6px&#8221; text_line_height=&#8221;1.3em&#8221; text_orientation=&#8221;center&#8221; custom_margin=&#8221;-11px||||false|false&#8221; animation_style=&#8221;fade&#8221; animation_delay=&#8221;250ms&#8221; text_letter_spacing_tablet=&#8221;3px&#8221; text_letter_spacing_phone=&#8221;2px&#8221; text_letter_spacing_last_edited=&#8221;on|desktop&#8221; text_line_height_tablet=&#8221;1.4em&#8221; text_line_height_phone=&#8221;1.8em&#8221; text_line_height_last_edited=&#8221;on|desktop&#8221; text_text_align=&#8221;center&#8221; global_colors_info=&#8221;{}&#8221;]<\/p>\n<p><span>Inside Air Control<\/span><\/p>\n<p>[\/et_pb_text][\/et_pb_column][\/et_pb_row][\/et_pb_section][et_pb_section fb_built=&#8221;1&#8243; admin_label=&#8221;Section&#8221; _builder_version=&#8221;4.16&#8243; background_image=&#8221;https:\/\/seroco.fi\/wp-content\/uploads\/2022\/02\/interior-design-38-4.png&#8221; background_size=&#8221;initial&#8221; background_repeat=&#8221;repeat&#8221; custom_padding=&#8221;2px||7px||false|&#8221; da_disable_devices=&#8221;off|off|off&#8221; global_colors_info=&#8221;{}&#8221; da_is_popup=&#8221;off&#8221; da_exit_intent=&#8221;off&#8221; da_has_close=&#8221;on&#8221; da_alt_close=&#8221;off&#8221; da_dark_close=&#8221;off&#8221; da_not_modal=&#8221;on&#8221; da_is_singular=&#8221;off&#8221; da_with_loader=&#8221;off&#8221; da_has_shadow=&#8221;on&#8221;][et_pb_row use_custom_gutter=&#8221;on&#8221; gutter_width=&#8221;1&#8243; make_equal=&#8221;on&#8221; _builder_version=&#8221;4.16&#8243; width=&#8221;100%&#8221; width_tablet=&#8221;90%&#8221; width_phone=&#8221;90%&#8221; width_last_edited=&#8221;off|tablet&#8221; max_width=&#8221;100%&#8221; max_width_tablet=&#8221;90%&#8221; max_width_phone=&#8221;90%&#8221; max_width_last_edited=&#8221;off|phone&#8221; custom_padding=&#8221;0px||0px||true|&#8221; global_colors_info=&#8221;{}&#8221;][et_pb_column type=&#8221;4_4&#8243; _builder_version=&#8221;4.16&#8243; global_colors_info=&#8221;{}&#8221;][et_pb_divider show_divider=&#8221;off&#8221; _builder_version=&#8221;4.16&#8243; background_image=&#8221;https:\/\/seroco.fi\/wp-content\/uploads\/2022\/02\/interior-design-38-8.png&#8221; background_size=&#8221;initial&#8221; background_repeat=&#8221;repeat&#8221; height=&#8221;15px&#8221; custom_padding=&#8221;0px||0px||false|false&#8221; global_colors_info=&#8221;{}&#8221;][\/et_pb_divider][\/et_pb_column][\/et_pb_row][et_pb_row column_structure=&#8221;1_2,1_2&#8243; use_custom_gutter=&#8221;on&#8221; gutter_width=&#8221;2&#8243; make_equal=&#8221;on&#8221; _builder_version=&#8221;4.16&#8243; width_tablet=&#8221;90%&#8221; width_phone=&#8221;90%&#8221; width_last_edited=&#8221;on|tablet&#8221; max_width=&#8221;78%&#8221; max_width_tablet=&#8221;90%&#8221; max_width_phone=&#8221;90%&#8221; max_width_last_edited=&#8221;on|phone&#8221; custom_padding=&#8221;55px||2px||false|false&#8221; global_colors_info=&#8221;{}&#8221;][et_pb_column type=&#8221;1_2&#8243; _builder_version=&#8221;4.16&#8243; animation_style=&#8221;fade&#8221; animation_duration=&#8221;1400ms&#8221; animation_delay=&#8221;400ms&#8221; global_colors_info=&#8221;{}&#8221;][et_pb_text _builder_version=&#8221;4.22.1&#8243; header_2_font=&#8221;Montserrat|500|||||||&#8221; header_2_text_color=&#8221;#272727&#8243; header_2_font_size=&#8221;32px&#8221; header_2_letter_spacing=&#8221;-1px&#8221; header_2_line_height=&#8221;1.3em&#8221; hover_enabled=&#8221;0&#8243; header_2_font_size_tablet=&#8221;&#8221; header_2_font_size_phone=&#8221;25px&#8221; header_2_font_size_last_edited=&#8221;on|desktop&#8221; border_color_left=&#8221;#8da5d2&#8243; global_colors_info=&#8221;{}&#8221; sticky_enabled=&#8221;0&#8243;]<\/p>\n<h2>Energias\u00e4\u00e4stlikud jahutus- ja k\u00fcttelahendused kontoritele, kortermajadele, t\u00f6\u00f6stusrajatistele ning logistikakeskustele.<\/h2>\n<p>[\/et_pb_text][\/et_pb_column][et_pb_column type=&#8221;1_2&#8243; _builder_version=&#8221;4.16&#8243; animation_style=&#8221;fade&#8221; animation_duration=&#8221;1400ms&#8221; animation_delay=&#8221;700ms&#8221; global_colors_info=&#8221;{}&#8221;][et_pb_text _builder_version=&#8221;4.22.1&#8243; text_font=&#8221;Montserrat||||||||&#8221; text_text_color=&#8221;#454444&#8243; text_font_size=&#8221;15px&#8221; text_line_height=&#8221;2em&#8221; hover_enabled=&#8221;0&#8243; global_colors_info=&#8221;{}&#8221; sticky_enabled=&#8221;0&#8243;]<\/p>\n<p>Seroco on spetsialiseerunud energias\u00e4\u00e4stlikule \u00f5huk\u00e4itlusele erinevatel kasutuskohtades nagu kontoriruumid, korterid ja hotellitoad, logistikakeskused ning mitmesugused t\u00f6\u00f6stusrajatised. Oleme abiks projekteerimisel ja toodete valimisel, et toode vastaks sellele esitatud optimaalsetele n\u00f5uetele. Kasutame oma tarkvara toodete omaduste kohandamiseks konkreetse objektiga. Meie teenus h\u00f5lmab toodete ja s\u00fcsteemide kasutuselev\u00f5ttu ning katsetusi. Meie varuosateenus tagab, et tooted toimivad laitmatult kogu oma etten\u00e4htud t\u00f6\u00f6ea v\u00e4ltel.<\/p>\n<p>[\/et_pb_text][\/et_pb_column][\/et_pb_row][\/et_pb_section][et_pb_section fb_built=&#8221;1&#8243; admin_label=&#8221;Section&#8221; _builder_version=&#8221;4.17.3&#8243; _module_preset=&#8221;default&#8221; custom_padding=&#8221;||11px|||&#8221; da_disable_devices=&#8221;off|off|off&#8221; global_colors_info=&#8221;{}&#8221; da_is_popup=&#8221;off&#8221; da_exit_intent=&#8221;off&#8221; da_has_close=&#8221;on&#8221; da_alt_close=&#8221;off&#8221; da_dark_close=&#8221;off&#8221; da_not_modal=&#8221;on&#8221; da_is_singular=&#8221;off&#8221; da_with_loader=&#8221;off&#8221; da_has_shadow=&#8221;on&#8221;][et_pb_row column_structure=&#8221;1_2,1_2&#8243; use_custom_gutter=&#8221;on&#8221; gutter_width=&#8221;1&#8243; _builder_version=&#8221;4.21.0&#8243; _module_preset=&#8221;default&#8221; max_width=&#8221;80%&#8221; custom_padding=&#8221;0px|||||&#8221; global_colors_info=&#8221;{}&#8221;][et_pb_column type=&#8221;1_2&#8243; _builder_version=&#8221;4.17.3&#8243; _module_preset=&#8221;default&#8221; background_enable_color=&#8221;off&#8221; global_colors_info=&#8221;{}&#8221;][et_pb_text _builder_version=&#8221;4.21.0&#8243; _module_preset=&#8221;default&#8221; text_font=&#8221;Montserrat|700|||||||&#8221; text_text_color=&#8221;#FFFFFF&#8221; text_font_size=&#8221;35px&#8221; use_background_color_gradient=&#8221;on&#8221; background_color_gradient_direction=&#8221;90deg&#8221; background_color_gradient_stops=&#8221;#000000 1%|#000000 100%&#8221; background_enable_pattern_style=&#8221;on&#8221; background_pattern_style=&#8221;honeycomb&#8221; background_pattern_color=&#8221;rgba(255,255,255,0.14)&#8221; text_orientation=&#8221;center&#8221; min_height=&#8221;440px&#8221; max_height=&#8221;440px&#8221; custom_padding=&#8221;206px||206px||true|false&#8221; global_colors_info=&#8221;{}&#8221;]<\/p>\n<p>UUDISED<\/p>\n<p>[\/et_pb_text][\/et_pb_column][et_pb_column type=&#8221;1_2&#8243; _builder_version=&#8221;4.17.3&#8243; _module_preset=&#8221;default&#8221; background_color=&#8221;#e1e1e1&#8243; global_colors_info=&#8221;{}&#8221;][et_pb_blog post_type=&#8221;news&#8221; posts_number=&#8221;3&#8243; meta_date=&#8221;j.m.Y&#8221; show_author=&#8221;off&#8221; show_categories=&#8221;off&#8221; show_excerpt=&#8221;off&#8221; _builder_version=&#8221;4.21.0&#8243; _module_preset=&#8221;default&#8221; header_font=&#8221;Montserrat||||||||&#8221; header_text_color=&#8221;#000000&#8243; header_font_size=&#8221;15px&#8221; header_line_height=&#8221;1.4em&#8221; meta_font=&#8221;Montserrat||||||||&#8221; meta_text_color=&#8221;#5c5e5f&#8221; meta_font_size=&#8221;15px&#8221; pagination_font=&#8221;Montserrat||||||||&#8221; pagination_text_color=&#8221;#000000&#8243; min_height=&#8221;440px&#8221; max_height=&#8221;440px&#8221; custom_padding=&#8221;55px|50px|55px|50px|true|true&#8221; custom_css_title=&#8221;pointer-events: none;&#8221; custom_css_content=&#8221;margin-bottom: -40px;&#8221; global_colors_info=&#8221;{}&#8221;][\/et_pb_blog][\/et_pb_column][\/et_pb_row][\/et_pb_section][et_pb_section fb_built=&#8221;1&#8243; admin_label=&#8221;Section&#8221; module_id=&#8221;referenssit&#8221; module_class=&#8221;referenssit&#8221; _builder_version=&#8221;4.17.3&#8243; background_image=&#8221;https:\/\/seroco.fi\/wp-content\/uploads\/2022\/02\/interior-design-38-4.png&#8221; background_size=&#8221;initial&#8221; background_repeat=&#8221;repeat&#8221; custom_padding=&#8221;||130px|||&#8221; da_popup_slug=&#8221;referenssit&#8221; da_disable_devices=&#8221;off|off|off&#8221; global_colors_info=&#8221;{}&#8221; da_is_popup=&#8221;off&#8221; da_exit_intent=&#8221;off&#8221; da_has_close=&#8221;on&#8221; da_alt_close=&#8221;off&#8221; da_dark_close=&#8221;off&#8221; da_not_modal=&#8221;on&#8221; da_is_singular=&#8221;off&#8221; da_with_loader=&#8221;off&#8221; da_has_shadow=&#8221;on&#8221;][et_pb_row use_custom_gutter=&#8221;on&#8221; gutter_width=&#8221;2&#8243; make_equal=&#8221;on&#8221; _builder_version=&#8221;4.16&#8243; width=&#8221;90%&#8221; width_tablet=&#8221;90%&#8221; width_phone=&#8221;90%&#8221; width_last_edited=&#8221;on|tablet&#8221; max_width=&#8221;1180px&#8221; max_width_tablet=&#8221;90%&#8221; max_width_phone=&#8221;90%&#8221; max_width_last_edited=&#8221;on|phone&#8221; custom_padding=&#8221;||16px||false|false&#8221; animation_style=&#8221;fade&#8221; animation_duration=&#8221;1400ms&#8221; animation_delay=&#8221;500ms&#8221; global_colors_info=&#8221;{}&#8221;][et_pb_column type=&#8221;4_4&#8243; _builder_version=&#8221;4.16&#8243; global_colors_info=&#8221;{}&#8221;][et_pb_text _builder_version=&#8221;4.16&#8243; text_font=&#8221;Montserrat|700|||||||&#8221; text_text_color=&#8221;#272727&#8243; text_font_size=&#8221;11px&#8221; text_letter_spacing=&#8221;2px&#8221; text_line_height=&#8221;1.3em&#8221; text_orientation=&#8221;center&#8221; text_text_align=&#8221;center&#8221; global_colors_info=&#8221;{}&#8221;]<\/p>\n<p>SEROCO<\/p>\n<p>[\/et_pb_text][et_pb_text _builder_version=&#8221;4.16&#8243; text_font=&#8221;Montserrat|800|||||||&#8221; text_text_color=&#8221;#272727&#8243; text_font_size=&#8221;32px&#8221; text_letter_spacing=&#8221;-1px&#8221; text_line_height=&#8221;1.3em&#8221; text_orientation=&#8221;center&#8221; custom_margin=&#8221;-8px||||false|false&#8221; custom_margin_tablet=&#8221;-18px||||false|false&#8221; custom_margin_phone=&#8221;-18px||||false|false&#8221; custom_margin_last_edited=&#8221;on|desktop&#8221; text_font_size_tablet=&#8221;&#8221; text_font_size_phone=&#8221;25px&#8221; text_font_size_last_edited=&#8221;on|desktop&#8221; text_text_align=&#8221;center&#8221; global_colors_info=&#8221;{}&#8221;]<\/p>\n<p>Tehtud t\u00f6\u00f6d<\/p>\n<p>[\/et_pb_text][\/et_pb_column][\/et_pb_row][et_pb_row column_structure=&#8221;1_4,1_4,1_4,1_4&#8243; use_custom_gutter=&#8221;on&#8221; gutter_width=&#8221;1&#8243; make_equal=&#8221;on&#8221; _builder_version=&#8221;4.17.3&#8243; width_tablet=&#8221;90%&#8221; width_phone=&#8221;90%&#8221; width_last_edited=&#8221;off|tablet&#8221; max_width=&#8221;100%&#8221; max_width_tablet=&#8221;90%&#8221; max_width_phone=&#8221;90%&#8221; max_width_last_edited=&#8221;off|phone&#8221; custom_margin=&#8221;||||false|false&#8221; custom_padding=&#8221;||0px|||&#8221; border_width_right=&#8221;10px&#8221; border_color_right=&#8221;rgba(0,0,0,0)&#8221; border_width_left=&#8221;10px&#8221; border_color_left=&#8221;rgba(0,0,0,0)&#8221; global_colors_info=&#8221;{}&#8221;][et_pb_column type=&#8221;1_4&#8243; _builder_version=&#8221;4.16&#8243; global_colors_info=&#8221;{}&#8221;][et_pb_blurb title=&#8221;Hotellid&#8221; url_new_window=&#8221;on&#8221; use_icon=&#8221;on&#8221; content_max_width=&#8221;100%&#8221; _builder_version=&#8221;4.17.3&#8243; header_font=&#8221;Montserrat|700|||||||&#8221; header_text_align=&#8221;center&#8221; header_text_color=&#8221;#ffffff&#8221; header_font_size=&#8221;25px&#8221; header_letter_spacing=&#8221;-1px&#8221; header_line_height=&#8221;1.3em&#8221; body_font=&#8221;Montserrat|600|||||||&#8221; body_text_align=&#8221;center&#8221; body_text_color=&#8221;#FFFFFF&#8221; body_font_size=&#8221;11px&#8221; body_letter_spacing=&#8221;3px&#8221; body_line_height=&#8221;2.3em&#8221; use_background_color_gradient=&#8221;on&#8221; background_color_gradient_stops=&#8221;rgba(0,0,0,0.22) 0%|rgba(0,0,0,0.64) 100%&#8221; background_color_gradient_overlays_image=&#8221;on&#8221; background_color_gradient_start=&#8221;rgba(0,0,0,0.22)&#8221; background_color_gradient_end=&#8221;rgba(0,0,0,0.64)&#8221; background_image=&#8221;https:\/\/seroco.fi\/wp-content\/uploads\/2022\/04\/tmpcy-exterior-9584-hor-pano.webp&#8221; background_position=&#8221;bottom_center&#8221; min_height=&#8221;472px&#8221; height=&#8221;472px&#8221; custom_margin=&#8221;|10px||10px|false|true&#8221; custom_padding=&#8221;38.5%||38.5%||true|false&#8221; animation_style=&#8221;fade&#8221; animation_duration=&#8221;1400ms&#8221; animation_delay=&#8221;500ms&#8221; animation=&#8221;off&#8221; link_option_url=&#8221;https:\/\/seroco.fi\/wp-content\/uploads\/2022\/06\/Seroco-Referenssit-Hotellit.pdf&#8221; link_option_url_new_window=&#8221;on&#8221; box_shadow_style=&#8221;preset3&#8243; box_shadow_vertical=&#8221;51px&#8221; box_shadow_blur=&#8221;43px&#8221; box_shadow_spread=&#8221;7px&#8221; box_shadow_color=&#8221;rgba(0,0,0,0)&#8221; global_colors_info=&#8221;{}&#8221; box_shadow_color__hover_enabled=&#8221;on&#8221; box_shadow_color__hover=&#8221;rgba(0,0,0,0.3)&#8221; transform_styles__hover_enabled=&#8221;on&#8221; transform_scale__hover_enabled=&#8221;on&#8221; transform_translate__hover_enabled=&#8221;on&#8221; transform_rotate__hover_enabled=&#8221;on&#8221; transform_skew__hover_enabled=&#8221;on&#8221; transform_origin__hover_enabled=&#8221;on&#8221; transform_scale__hover=&#8221;103%|103%&#8221; background__hover_enabled=&#8221;on&#8221; background_color_gradient_start__hover=&#8221;rgba(0,0,0,0.75)&#8221; background_color_gradient_end__hover=&#8221;rgba(0,0,0,0.75)&#8221; background_color_gradient_stops__hover=&#8221;rgba(0,0,0,0.75) 0%|rgba(0,0,0,0.75) 100%&#8221;]<\/p>\n<p>,,Courtyard by Marriott, Tampere&#8221;<\/p>\n<p>Seroco on tarninud hotelli- ja puhurkonvektoreid erinevatele hotellidele ning kortermajadele, kokku \u00fcle 2500 konvektori.<\/p>\n<p>[\/et_pb_blurb][\/et_pb_column][et_pb_column type=&#8221;1_4&#8243; _builder_version=&#8221;4.16&#8243; global_colors_info=&#8221;{}&#8221;][et_pb_blurb title=&#8221;Logistikakeskused&#8221; url_new_window=&#8221;on&#8221; use_icon=&#8221;on&#8221; content_max_width=&#8221;100%&#8221; _builder_version=&#8221;4.17.3&#8243; header_font=&#8221;Montserrat|700|||||||&#8221; header_text_align=&#8221;center&#8221; header_text_color=&#8221;#ffffff&#8221; header_font_size=&#8221;25px&#8221; header_letter_spacing=&#8221;-1px&#8221; header_line_height=&#8221;1.3em&#8221; body_font=&#8221;Montserrat|600|||||||&#8221; body_text_align=&#8221;center&#8221; body_text_color=&#8221;#FFFFFF&#8221; body_font_size=&#8221;11px&#8221; body_letter_spacing=&#8221;3px&#8221; body_line_height=&#8221;2.3em&#8221; use_background_color_gradient=&#8221;on&#8221; background_color_gradient_stops=&#8221;rgba(0,0,0,0.22) 0%|rgba(0,0,0,0.64) 100%&#8221; background_color_gradient_overlays_image=&#8221;on&#8221; background_color_gradient_start=&#8221;rgba(0,0,0,0.22)&#8221; background_color_gradient_end=&#8221;rgba(0,0,0,0.64)&#8221; background_image=&#8221;https:\/\/seroco.fi\/wp-content\/uploads\/2022\/04\/download-2.png&#8221; background_position=&#8221;bottom_center&#8221; min_height=&#8221;472px&#8221; height=&#8221;472px&#8221; custom_margin=&#8221;|10px||10px|false|true&#8221; custom_padding=&#8221;38.8%||38.8%||true|false&#8221; animation_style=&#8221;fade&#8221; animation_duration=&#8221;1400ms&#8221; animation_delay=&#8221;500ms&#8221; animation=&#8221;off&#8221; link_option_url=&#8221;https:\/\/seroco.fi\/wp-content\/uploads\/2022\/06\/Seroco-Referenssit-Logistiikkakeskukset.pdf&#8221; link_option_url_new_window=&#8221;on&#8221; box_shadow_style=&#8221;preset3&#8243; box_shadow_vertical=&#8221;51px&#8221; box_shadow_blur=&#8221;43px&#8221; box_shadow_spread=&#8221;7px&#8221; box_shadow_color=&#8221;rgba(0,0,0,0)&#8221; global_colors_info=&#8221;{}&#8221; box_shadow_color__hover_enabled=&#8221;on&#8221; box_shadow_color__hover=&#8221;rgba(0,0,0,0.3)&#8221; transform_styles__hover_enabled=&#8221;on&#8221; background_color_gradient_start__hover=&#8221;rgba(0,0,0,0.75)&#8221; background_color_gradient_end__hover=&#8221;rgba(0,0,0,0.75)&#8221; background__hover_enabled=&#8221;on&#8221; transform_scale__hover=&#8221;103%|103%&#8221; transform_scale__hover_enabled=&#8221;on&#8221; transform_translate__hover_enabled=&#8221;on&#8221; transform_rotate__hover_enabled=&#8221;on&#8221; transform_skew__hover_enabled=&#8221;on&#8221; transform_origin__hover_enabled=&#8221;on&#8221; background_color_gradient_stops__hover=&#8221;rgba(0,0,0,0.75) 0%|rgba(0,0,0,0.75) 100%&#8221;]<\/p>\n<p>\u00a0,,K3 WEST, Vantaa&#8221;<\/p>\n<p>Tarnitud on \u00fcle 1000 ukse \u00f5hkkardina. Sealhulgas nii ukse \u00f5hkkardinaid Design kui ka nt tooteseeria Cargo seadmeid ladudele.<\/p>\n<p>[\/et_pb_blurb][\/et_pb_column][et_pb_column type=&#8221;1_4&#8243; _builder_version=&#8221;4.16&#8243; global_colors_info=&#8221;{}&#8221;][et_pb_blurb title=&#8221;\u00c4rihooned&#8221; url_new_window=&#8221;on&#8221; use_icon=&#8221;on&#8221; content_max_width=&#8221;100%&#8221; _builder_version=&#8221;4.17.3&#8243; header_font=&#8221;Montserrat|700|||||||&#8221; header_text_align=&#8221;center&#8221; header_text_color=&#8221;#ffffff&#8221; header_font_size=&#8221;25px&#8221; header_letter_spacing=&#8221;-1px&#8221; header_line_height=&#8221;1.3em&#8221; body_font=&#8221;Montserrat|600|||||||&#8221; body_text_align=&#8221;center&#8221; body_text_color=&#8221;#FFFFFF&#8221; body_font_size=&#8221;11px&#8221; body_letter_spacing=&#8221;3px&#8221; body_line_height=&#8221;2.3em&#8221; use_background_color_gradient=&#8221;on&#8221; background_color_gradient_stops=&#8221;rgba(0,0,0,0.22) 0%|rgba(0,0,0,0.64) 100%&#8221; background_color_gradient_overlays_image=&#8221;on&#8221; background_color_gradient_start=&#8221;rgba(0,0,0,0.22)&#8221; background_color_gradient_end=&#8221;rgba(0,0,0,0.64)&#8221; background_image=&#8221;https:\/\/seroco.fi\/wp-content\/uploads\/2022\/04\/download-3.png&#8221; background_position=&#8221;bottom_center&#8221; min_height=&#8221;472px&#8221; height=&#8221;472px&#8221; custom_margin=&#8221;|10px||10px|false|true&#8221; custom_padding=&#8221;38.4%||38.4%||true|false&#8221; animation_style=&#8221;fade&#8221; animation_duration=&#8221;1400ms&#8221; animation_delay=&#8221;500ms&#8221; animation=&#8221;off&#8221; link_option_url=&#8221;https:\/\/seroco.fi\/wp-content\/uploads\/2022\/06\/Seroco-Referenssit-Toimistot.pdf&#8221; link_option_url_new_window=&#8221;on&#8221; box_shadow_style=&#8221;preset3&#8243; box_shadow_vertical=&#8221;51px&#8221; box_shadow_blur=&#8221;43px&#8221; box_shadow_spread=&#8221;7px&#8221; box_shadow_color=&#8221;rgba(0,0,0,0)&#8221; global_colors_info=&#8221;{}&#8221; box_shadow_color__hover_enabled=&#8221;on&#8221; box_shadow_color__hover=&#8221;rgba(0,0,0,0.3)&#8221; transform_styles__hover_enabled=&#8221;on&#8221; background_color_gradient_start__hover=&#8221;rgba(0,0,0,0.75)&#8221; background_color_gradient_end__hover=&#8221;rgba(0,0,0,0.75)&#8221; background__hover_enabled=&#8221;on&#8221; transform_scale__hover=&#8221;103%|103%&#8221; transform_scale__hover_enabled=&#8221;on&#8221; transform_translate__hover_enabled=&#8221;on&#8221; transform_rotate__hover_enabled=&#8221;on&#8221; transform_skew__hover_enabled=&#8221;on&#8221; transform_origin__hover_enabled=&#8221;on&#8221; background_color_gradient_stops__hover=&#8221;rgba(0,0,0,0.75) 0%|rgba(0,0,0,0.75) 100%&#8221;]<\/p>\n<p>\u00a0,,Asemap\u00e4\u00e4llik\u00f6nkatu 12, Helsinki&#8221;<\/p>\n<p>Seroco on tarninud enam kui 1600 puhurkonvektorit ja ringlus\u00f5hu k\u00fctteseadet.<\/p>\n<p>[\/et_pb_blurb][\/et_pb_column][et_pb_column type=&#8221;1_4&#8243; _builder_version=&#8221;4.16&#8243; global_colors_info=&#8221;{}&#8221;][et_pb_blurb title=&#8221;Muu&#8221; url_new_window=&#8221;on&#8221; use_icon=&#8221;on&#8221; content_max_width=&#8221;100%&#8221; _builder_version=&#8221;4.17.3&#8243; header_font=&#8221;Montserrat|700|||||||&#8221; header_text_align=&#8221;center&#8221; header_text_color=&#8221;#ffffff&#8221; header_font_size=&#8221;25px&#8221; header_letter_spacing=&#8221;-1px&#8221; header_line_height=&#8221;1.3em&#8221; body_font=&#8221;Montserrat|600|||||||&#8221; body_text_align=&#8221;center&#8221; body_text_color=&#8221;#FFFFFF&#8221; body_font_size=&#8221;11px&#8221; body_letter_spacing=&#8221;3px&#8221; body_line_height=&#8221;2.3em&#8221; use_background_color_gradient=&#8221;on&#8221; background_color_gradient_stops=&#8221;rgba(0,0,0,0.22) 0%|rgba(0,0,0,0.64) 100%&#8221; background_color_gradient_overlays_image=&#8221;on&#8221; background_color_gradient_start=&#8221;rgba(0,0,0,0.22)&#8221; background_color_gradient_end=&#8221;rgba(0,0,0,0.64)&#8221; background_image=&#8221;https:\/\/seroco.fi\/wp-content\/uploads\/2022\/06\/library-869061__340-1.jpeg&#8221; background_position=&#8221;bottom_center&#8221; height=&#8221;472px&#8221; custom_margin=&#8221;|10px||10px|false|true&#8221; custom_padding=&#8221;38.8%||38.8%||true|false&#8221; animation_style=&#8221;fade&#8221; animation_duration=&#8221;1400ms&#8221; animation_delay=&#8221;500ms&#8221; animation=&#8221;off&#8221; link_option_url=&#8221;https:\/\/seroco.fi\/wp-content\/uploads\/2022\/06\/Seroco-Referenssit-Muut.pdf&#8221; link_option_url_new_window=&#8221;on&#8221; box_shadow_style=&#8221;preset3&#8243; box_shadow_vertical=&#8221;51px&#8221; box_shadow_blur=&#8221;43px&#8221; box_shadow_spread=&#8221;7px&#8221; box_shadow_color=&#8221;rgba(0,0,0,0)&#8221; global_colors_info=&#8221;{}&#8221; box_shadow_color__hover_enabled=&#8221;on&#8221; box_shadow_color__hover=&#8221;rgba(0,0,0,0.3)&#8221; transform_styles__hover_enabled=&#8221;on&#8221; background_color_gradient_start__hover=&#8221;rgba(0,0,0,0.75)&#8221; background_color_gradient_end__hover=&#8221;rgba(0,0,0,0.75)&#8221; background__hover_enabled=&#8221;on&#8221; transform_scale__hover=&#8221;103%|103%&#8221; transform_scale__hover_enabled=&#8221;on&#8221; transform_translate__hover_enabled=&#8221;on&#8221; transform_rotate__hover_enabled=&#8221;on&#8221; transform_skew__hover_enabled=&#8221;on&#8221; transform_origin__hover_enabled=&#8221;on&#8221; background_color_gradient_stops__hover=&#8221;rgba(0,0,0,0.75) 0%|rgba(0,0,0,0.75) 100%&#8221;]<\/p>\n<p>Seroco on tarninud puhurkonvektoreid, \u00f5hkkardinaid ja ringlus\u00f5hu k\u00fctteseadmeid paljudele kaubanduskeskustele, haiglatele, koolidele, lasteaedadele, tulet\u00f5rjedepoodele ning muudele \u00fchiskondlikele hoonetele.<\/p>\n<p>[\/et_pb_blurb][\/et_pb_column][\/et_pb_row][\/et_pb_section]<\/p>\n","protected":false},"excerpt":{"rendered":"<p>Seroco \u00aeInside Air ControlEnergias\u00e4\u00e4stlikud jahutus- ja k\u00fcttelahendused kontoritele, kortermajadele, t\u00f6\u00f6stusrajatistele ning logistikakeskustele.Seroco on spetsialiseerunud energias\u00e4\u00e4stlikule \u00f5huk\u00e4itlusele erinevatel kasutuskohtades nagu kontoriruumid, korterid ja hotellitoad, logistikakeskused ning mitmesugused t\u00f6\u00f6stusrajatised. Oleme abiks projekteerimisel ja toodete valimisel, et toode vastaks sellele esitatud optimaalsetele n\u00f5uetele. Kasutame oma tarkvara toodete omaduste kohandamiseks konkreetse objektiga. Meie teenus h\u00f5lmab toodete ja s\u00fcsteemide kasutuselev\u00f5ttu [&hellip;]<\/p>\n","protected":false},"author":1,"featured_media":0,"parent":0,"menu_order":0,"comment_status":"closed","ping_status":"closed","template":"","meta":{"_acf_changed":false,"_et_pb_use_builder":"on","_et_pb_old_content":"","_et_gb_content_width":"","footnotes":""},"class_list":["post-26695","page","type-page","status-publish","hentry"],"acf":[],"_links":{"self":[{"href":"https:\/\/seroco.fi\/et\/wp-json\/wp\/v2\/pages\/26695","targetHints":{"allow":["GET"]}}],"collection":[{"href":"https:\/\/seroco.fi\/et\/wp-json\/wp\/v2\/pages"}],"about":[{"href":"https:\/\/seroco.fi\/et\/wp-json\/wp\/v2\/types\/page"}],"author":[{"embeddable":true,"href":"https:\/\/seroco.fi\/et\/wp-json\/wp\/v2\/users\/1"}],"replies":[{"embeddable":true,"href":"https:\/\/seroco.fi\/et\/wp-json\/wp\/v2\/comments?post=26695"}],"version-history":[{"count":2,"href":"https:\/\/seroco.fi\/et\/wp-json\/wp\/v2\/pages\/26695\/revisions"}],"predecessor-version":[{"id":26697,"href":"https:\/\/seroco.fi\/et\/wp-json\/wp\/v2\/pages\/26695\/revisions\/26697"}],"wp:attachment":[{"href":"https:\/\/seroco.fi\/et\/wp-json\/wp\/v2\/media?parent=26695"}],"curies":[{"name":"wp","href":"https:\/\/api.w.org\/{rel}","templated":true}]}}