{"id":26698,"date":"2022-05-16T10:07:46","date_gmt":"2022-05-16T10:07:46","guid":{"rendered":"https:\/\/seroco.fi\/teenused\/"},"modified":"2024-06-17T15:20:50","modified_gmt":"2024-06-17T15:20:50","slug":"teenused","status":"publish","type":"page","link":"https:\/\/seroco.fi\/et\/teenused\/","title":{"rendered":"Teenused"},"content":{"rendered":"<p>[et_pb_section fb_built=&#8221;1&#8243; _builder_version=&#8221;4.16&#8243; background_image=&#8221;https:\/\/seroco.fi\/wp-content\/uploads\/2022\/02\/interior-design-38-4.png&#8221; background_size=&#8221;initial&#8221; background_repeat=&#8221;repeat&#8221; custom_padding=&#8221;116px||116px||true|&#8221; da_disable_devices=&#8221;off|off|off&#8221; global_colors_info=&#8221;{}&#8221; da_is_popup=&#8221;off&#8221; da_exit_intent=&#8221;off&#8221; da_has_close=&#8221;on&#8221; da_alt_close=&#8221;off&#8221; da_dark_close=&#8221;off&#8221; da_not_modal=&#8221;on&#8221; da_is_singular=&#8221;off&#8221; da_with_loader=&#8221;off&#8221; da_has_shadow=&#8221;on&#8221;][et_pb_row column_structure=&#8221;1_3,1_3,1_3&#8243; use_custom_gutter=&#8221;on&#8221; gutter_width=&#8221;1&#8243; make_equal=&#8221;on&#8221; _builder_version=&#8221;4.17.3&#8243; width_tablet=&#8221;90%&#8221; width_phone=&#8221;90%&#8221; width_last_edited=&#8221;off|tablet&#8221; max_width=&#8221;100%&#8221; max_width_tablet=&#8221;90%&#8221; max_width_phone=&#8221;90%&#8221; max_width_last_edited=&#8221;off|phone&#8221; custom_margin=&#8221;||||false|false&#8221; custom_padding=&#8221;||0px|||&#8221; border_width_right=&#8221;10px&#8221; border_color_right=&#8221;rgba(0,0,0,0)&#8221; border_width_left=&#8221;10px&#8221; border_color_left=&#8221;rgba(0,0,0,0)&#8221; global_colors_info=&#8221;{}&#8221;][et_pb_column type=&#8221;1_3&#8243; _builder_version=&#8221;4.16&#8243; global_colors_info=&#8221;{}&#8221;][et_pb_blurb title=&#8221;Projekteerimine&#8221; use_icon=&#8221;on&#8221; content_max_width=&#8221;100%&#8221; _builder_version=&#8221;4.17.3&#8243; header_font=&#8221;Montserrat|700|||||||&#8221; header_text_align=&#8221;center&#8221; header_text_color=&#8221;#ffffff&#8221; header_font_size=&#8221;25px&#8221; header_letter_spacing=&#8221;-1px&#8221; header_line_height=&#8221;1.3em&#8221; body_font=&#8221;Montserrat|600|||||||&#8221; body_text_align=&#8221;left&#8221; body_text_color=&#8221;#FFFFFF&#8221; body_font_size=&#8221;13px&#8221; body_letter_spacing=&#8221;3px&#8221; body_line_height=&#8221;2.3em&#8221; use_background_color_gradient=&#8221;on&#8221; background_color_gradient_stops=&#8221;rgba(0,0,0,0.38) 0%|rgba(0,0,0,0.64) 100%&#8221; background_color_gradient_overlays_image=&#8221;on&#8221; background_color_gradient_start=&#8221;rgba(0,0,0,0.64)&#8221; background_color_gradient_end=&#8221;rgba(0,0,0,0.64)&#8221; background_image=&#8221;https:\/\/seroco.fi\/wp-content\/uploads\/2022\/05\/Picture3.jpg&#8221; min_height=&#8221;600px&#8221; height=&#8221;600px&#8221; custom_margin=&#8221;|10px||10px|false|true&#8221; custom_padding=&#8221;26%|44px|26%|44px|true|true&#8221; animation_style=&#8221;fade&#8221; animation_duration=&#8221;1400ms&#8221; animation_delay=&#8221;500ms&#8221; animation=&#8221;off&#8221; link_option_url=&#8221;#&#8221; box_shadow_style=&#8221;preset3&#8243; box_shadow_vertical=&#8221;51px&#8221; box_shadow_blur=&#8221;43px&#8221; box_shadow_spread=&#8221;7px&#8221; box_shadow_color=&#8221;rgba(0,0,0,0)&#8221; global_colors_info=&#8221;{}&#8221; box_shadow_color__hover_enabled=&#8221;on&#8221; box_shadow_color__hover=&#8221;rgba(0,0,0,0.3)&#8221; transform_styles__hover_enabled=&#8221;on&#8221; transform_scale__hover_enabled=&#8221;on&#8221; transform_translate__hover_enabled=&#8221;on&#8221; transform_rotate__hover_enabled=&#8221;on&#8221; transform_skew__hover_enabled=&#8221;on&#8221; transform_origin__hover_enabled=&#8221;on&#8221; transform_scale__hover=&#8221;103%|103%&#8221; background__hover_enabled=&#8221;on&#8221; background_color_gradient_start__hover=&#8221;rgba(0,0,0,0.75)&#8221; background_color_gradient_end__hover=&#8221;rgba(0,0,0,0.75)&#8221; background_color_gradient_stops__hover=&#8221;rgba(0,0,0,0.75) 0%|rgba(0,0,0,0.75) 100%&#8221;]<\/p>\n<p>Abistame projekteerimisel ja teeme juhtumip\u00f5hised arvutused iga toote jaoks, v\u00f5ttes arvesse kavandatud parameetreid. Lisaks n\u00f5ustame ja tagame automaatika \u00fchilduvuse hoone tehnos\u00fcsteemidega. Meie tooted on saadaval MagiCadi teegis.<\/p>\n<p>[\/et_pb_blurb][\/et_pb_column][et_pb_column type=&#8221;1_3&#8243; _builder_version=&#8221;4.16&#8243; global_colors_info=&#8221;{}&#8221;][et_pb_blurb title=&#8221;Hooldus&#8221; use_icon=&#8221;on&#8221; content_max_width=&#8221;100%&#8221; _builder_version=&#8221;4.17.3&#8243; header_font=&#8221;Montserrat|700|||||||&#8221; header_text_align=&#8221;center&#8221; header_text_color=&#8221;#ffffff&#8221; header_font_size=&#8221;25px&#8221; header_letter_spacing=&#8221;-1px&#8221; header_line_height=&#8221;1.3em&#8221; body_font=&#8221;Montserrat|600|||||||&#8221; body_text_align=&#8221;left&#8221; body_text_color=&#8221;#FFFFFF&#8221; body_font_size=&#8221;13px&#8221; body_letter_spacing=&#8221;3px&#8221; body_line_height=&#8221;2.3em&#8221; use_background_color_gradient=&#8221;on&#8221; background_color_gradient_stops=&#8221;rgba(0,0,0,0.38) 0%|rgba(0,0,0,0.64) 100%&#8221; background_color_gradient_overlays_image=&#8221;on&#8221; background_color_gradient_start=&#8221;rgba(0,0,0,0.64)&#8221; background_color_gradient_end=&#8221;rgba(0,0,0,0.64)&#8221; background_image=&#8221;https:\/\/seroco.fi\/wp-content\/uploads\/2022\/05\/Picture1.jpg&#8221; min_height=&#8221;600px&#8221; height=&#8221;600px&#8221; custom_margin=&#8221;|10px||10px|false|true&#8221; custom_padding=&#8221;26.2%|44px|25.1%|44px|false|true&#8221; animation_style=&#8221;fade&#8221; animation_duration=&#8221;1400ms&#8221; animation_delay=&#8221;500ms&#8221; animation=&#8221;off&#8221; link_option_url=&#8221;#&#8221; box_shadow_style=&#8221;preset3&#8243; box_shadow_vertical=&#8221;51px&#8221; box_shadow_blur=&#8221;43px&#8221; box_shadow_spread=&#8221;7px&#8221; box_shadow_color=&#8221;rgba(0,0,0,0)&#8221; global_colors_info=&#8221;{}&#8221; box_shadow_color__hover_enabled=&#8221;on&#8221; box_shadow_color__hover=&#8221;rgba(0,0,0,0.3)&#8221; transform_styles__hover_enabled=&#8221;on&#8221; background_color_gradient_start__hover=&#8221;rgba(0,0,0,0.75)&#8221; background_color_gradient_end__hover=&#8221;rgba(0,0,0,0.75)&#8221; background_color_gradient_stops__hover=&#8221;rgba(0,0,0,0.75) 0%|rgba(0,0,0,0.75) 100%&#8221; background__hover_enabled=&#8221;on&#8221; transform_scale__hover=&#8221;103%|103%&#8221; transform_scale__hover_enabled=&#8221;on&#8221; transform_translate__hover_enabled=&#8221;on&#8221; transform_rotate__hover_enabled=&#8221;on&#8221; transform_skew__hover_enabled=&#8221;on&#8221; transform_origin__hover_enabled=&#8221;on&#8221;]<\/p>\n<p>Meie hooldus tagab vajalike varuosade olemasolu toote kogu t\u00f6\u00f6ea v\u00e4ltel. Kasutame Euroopa juhtivate tootjate komponente, mis tagab varuosade saadavuse pika aja v\u00e4ltel.<\/p>\n<p>[\/et_pb_blurb][\/et_pb_column][et_pb_column type=&#8221;1_3&#8243; _builder_version=&#8221;4.16&#8243; global_colors_info=&#8221;{}&#8221;][et_pb_blurb title=&#8221;Paigaldamine ja kasutuselev\u00f5tu juhendamine&#8221; use_icon=&#8221;on&#8221; content_max_width=&#8221;100%&#8221; _builder_version=&#8221;4.17.3&#8243; header_font=&#8221;Montserrat|700|||||||&#8221; header_text_align=&#8221;center&#8221; header_text_color=&#8221;#ffffff&#8221; header_font_size=&#8221;25px&#8221; header_letter_spacing=&#8221;-1px&#8221; header_line_height=&#8221;1.3em&#8221; body_font=&#8221;Montserrat|600|||||||&#8221; body_text_align=&#8221;left&#8221; body_text_color=&#8221;#FFFFFF&#8221; body_font_size=&#8221;13px&#8221; body_letter_spacing=&#8221;3px&#8221; body_line_height=&#8221;2.3em&#8221; use_background_color_gradient=&#8221;on&#8221; background_color_gradient_stops=&#8221;rgba(0,0,0,0.38) 0%|rgba(0,0,0,0.64) 100%&#8221; background_color_gradient_overlays_image=&#8221;on&#8221; background_color_gradient_start=&#8221;rgba(0,0,0,0.64)&#8221; background_color_gradient_end=&#8221;rgba(0,0,0,0.64)&#8221; background_image=&#8221;https:\/\/seroco.fi\/wp-content\/uploads\/2022\/05\/Picture2.jpg&#8221; background_position=&#8221;center_right&#8221; min_height=&#8221;600px&#8221; height=&#8221;600px&#8221; custom_margin=&#8221;|10px||10px|false|true&#8221; custom_padding=&#8221;24.5%|44px|24.5%|44px|true|true&#8221; animation_style=&#8221;fade&#8221; animation_duration=&#8221;1400ms&#8221; animation_delay=&#8221;500ms&#8221; animation=&#8221;off&#8221; link_option_url=&#8221;#&#8221; box_shadow_style=&#8221;preset3&#8243; box_shadow_vertical=&#8221;51px&#8221; box_shadow_blur=&#8221;43px&#8221; box_shadow_spread=&#8221;7px&#8221; box_shadow_color=&#8221;rgba(0,0,0,0)&#8221; global_colors_info=&#8221;{}&#8221; box_shadow_color__hover_enabled=&#8221;on&#8221; box_shadow_color__hover=&#8221;rgba(0,0,0,0.3)&#8221; transform_styles__hover_enabled=&#8221;on&#8221; background_color_gradient_start__hover=&#8221;rgba(0,0,0,0.75)&#8221; background_color_gradient_end__hover=&#8221;rgba(0,0,0,0.75)&#8221; background_color_gradient_stops__hover=&#8221;rgba(0,0,0,0.75) 0%|rgba(0,0,0,0.75) 100%&#8221; background__hover_enabled=&#8221;on&#8221; transform_scale__hover=&#8221;103%|103%&#8221; transform_scale__hover_enabled=&#8221;on&#8221; transform_translate__hover_enabled=&#8221;on&#8221; transform_rotate__hover_enabled=&#8221;on&#8221; transform_skew__hover_enabled=&#8221;on&#8221; transform_origin__hover_enabled=&#8221;on&#8221;]<\/p>\n<p>Vajadusel oleme abiks toodete kasutuselev\u00f5tul, samuti peame t\u00e4htsaks, et oleksime kaasatud paigaldust\u00f6\u00f6desse projektide algfaasist alates, mis tagab toodete \u00f5ige paigaldamise. Teostame ka garantii\u00fclevaatusi ja -katsetusi koost\u00f6\u00f6s t\u00f6\u00f6v\u00f5tjate ning k\u00fctte- ventilatsiooni- ja kliimas\u00fcsteemide inspektoritega.<\/p>\n<p>[\/et_pb_blurb][\/et_pb_column][\/et_pb_row][\/et_pb_section]<\/p>\n","protected":false},"excerpt":{"rendered":"<p>Abistame projekteerimisel ja teeme juhtumip\u00f5hised arvutused iga toote jaoks, v\u00f5ttes arvesse kavandatud parameetreid. Lisaks n\u00f5ustame ja tagame automaatika \u00fchilduvuse hoone tehnos\u00fcsteemidega. Meie tooted on saadaval MagiCadi teegis.Meie hooldus tagab vajalike varuosade olemasolu toote kogu t\u00f6\u00f6ea v\u00e4ltel. Kasutame Euroopa juhtivate tootjate komponente, mis tagab varuosade saadavuse pika aja v\u00e4ltel.Vajadusel oleme abiks toodete kasutuselev\u00f5tul, samuti peame t\u00e4htsaks, [&hellip;]<\/p>\n","protected":false},"author":1,"featured_media":0,"parent":0,"menu_order":0,"comment_status":"closed","ping_status":"closed","template":"","meta":{"_acf_changed":false,"_et_pb_use_builder":"on","_et_pb_old_content":"","_et_gb_content_width":"","footnotes":""},"class_list":["post-26698","page","type-page","status-publish","hentry"],"acf":[],"_links":{"self":[{"href":"https:\/\/seroco.fi\/et\/wp-json\/wp\/v2\/pages\/26698","targetHints":{"allow":["GET"]}}],"collection":[{"href":"https:\/\/seroco.fi\/et\/wp-json\/wp\/v2\/pages"}],"about":[{"href":"https:\/\/seroco.fi\/et\/wp-json\/wp\/v2\/types\/page"}],"author":[{"embeddable":true,"href":"https:\/\/seroco.fi\/et\/wp-json\/wp\/v2\/users\/1"}],"replies":[{"embeddable":true,"href":"https:\/\/seroco.fi\/et\/wp-json\/wp\/v2\/comments?post=26698"}],"version-history":[{"count":2,"href":"https:\/\/seroco.fi\/et\/wp-json\/wp\/v2\/pages\/26698\/revisions"}],"predecessor-version":[{"id":26700,"href":"https:\/\/seroco.fi\/et\/wp-json\/wp\/v2\/pages\/26698\/revisions\/26700"}],"wp:attachment":[{"href":"https:\/\/seroco.fi\/et\/wp-json\/wp\/v2\/media?parent=26698"}],"curies":[{"name":"wp","href":"https:\/\/api.w.org\/{rel}","templated":true}]}}