{"id":26701,"date":"2023-06-08T10:47:44","date_gmt":"2023-06-08T10:47:44","guid":{"rendered":"https:\/\/seroco.fi\/sero-garage\/"},"modified":"2024-06-19T07:21:39","modified_gmt":"2024-06-19T07:21:39","slug":"sero-garage","status":"publish","type":"page","link":"https:\/\/seroco.fi\/et\/sero-garage\/","title":{"rendered":"Sero Garage"},"content":{"rendered":"<p>[et_pb_section fb_built=&#8221;1&#8243; admin_label=&#8221;Section&#8221; _builder_version=&#8221;4.21.0&#8243; _module_preset=&#8221;default&#8221; background_color=&#8221;rgba(214,214,214,0.07)&#8221; use_background_color_gradient=&#8221;on&#8221; background_color_gradient_stops=&#8221;rgba(214,214,214,0.14) 0%|rgba(214,214,214,0) 86%&#8221; background_color_gradient_overlays_image=&#8221;on&#8221; custom_padding=&#8221;7px||0px|||&#8221; da_disable_devices=&#8221;off|off|off&#8221; border_width_bottom=&#8221;1px&#8221; border_color_bottom=&#8221;#D6D6D6&#8243; locked=&#8221;off&#8221; global_colors_info=&#8221;{}&#8221; da_is_popup=&#8221;off&#8221; da_exit_intent=&#8221;off&#8221; da_has_close=&#8221;on&#8221; da_alt_close=&#8221;off&#8221; da_dark_close=&#8221;off&#8221; da_not_modal=&#8221;on&#8221; da_is_singular=&#8221;off&#8221; da_with_loader=&#8221;off&#8221; da_has_shadow=&#8221;on&#8221;][et_pb_row column_structure=&#8221;1_4,1_4,1_4,1_4&#8243; _builder_version=&#8221;4.17.3&#8243; _module_preset=&#8221;default&#8221; width=&#8221;90%&#8221; max_width=&#8221;90%&#8221; custom_padding=&#8221;5px||1px|||&#8221; global_colors_info=&#8221;{}&#8221;][et_pb_column type=&#8221;1_4&#8243; _builder_version=&#8221;4.17.3&#8243; _module_preset=&#8221;default&#8221; global_colors_info=&#8221;{}&#8221;][et_pb_button button_url=&#8221;https:\/\/seroco.fi\/wp-content\/uploads\/2024\/04\/Garage_W_2023_FI-EE-EN.pdf&#8221; url_new_window=&#8221;on&#8221; button_text=&#8221;Kataloog&#8221; _builder_version=&#8221;4.24.3&#8243; _module_preset=&#8221;default&#8221; custom_button=&#8221;on&#8221; button_text_size=&#8221;13px&#8221; button_text_color=&#8221;#000000&#8243; button_border_width=&#8221;0px&#8221; button_border_color=&#8221;#8aa5d2&#8243; button_border_radius=&#8221;4px&#8221; button_font=&#8221;Montserrat|||on|||||&#8221; button_icon=&#8221;&#xf1c1;||fa||900&#8243; button_icon_placement=&#8221;left&#8221; button_on_hover=&#8221;off&#8221; custom_margin=&#8221;||1px|||&#8221; global_colors_info=&#8221;{}&#8221;][\/et_pb_button][\/et_pb_column][et_pb_column type=&#8221;1_4&#8243; _builder_version=&#8221;4.17.3&#8243; _module_preset=&#8221;default&#8221; global_colors_info=&#8221;{}&#8221;][et_pb_button button_url=&#8221;https:\/\/seroco.fi\/wp-content\/uploads\/2024\/04\/MPN_Garage-III_FI-EE-EN.pdf&#8221; url_new_window=&#8221;on&#8221; button_text=&#8221;PAIGALDUS-, KASUTUS- JA HOOLDUSJUHEND&#8221; _builder_version=&#8221;4.24.3&#8243; _module_preset=&#8221;default&#8221; custom_button=&#8221;on&#8221; button_text_size=&#8221;13px&#8221; button_text_color=&#8221;#000000&#8243; button_border_width=&#8221;0px&#8221; button_border_color=&#8221;#8aa5d2&#8243; button_border_radius=&#8221;4px&#8221; button_font=&#8221;Montserrat|||on|||||&#8221; button_icon=&#8221;&#xf1c1;||fa||900&#8243; button_icon_placement=&#8221;left&#8221; button_on_hover=&#8221;off&#8221; custom_margin=&#8221;||1px|||&#8221; locked=&#8221;off&#8221; global_colors_info=&#8221;{}&#8221;][\/et_pb_button][\/et_pb_column][et_pb_column type=&#8221;1_4&#8243; _builder_version=&#8221;4.17.3&#8243; _module_preset=&#8221;default&#8221; global_colors_info=&#8221;{}&#8221;][et_pb_button button_url=&#8221;https:\/\/seroco.fi\/wp-content\/uploads\/2024\/05\/Garage-Declaration-of-Conformity-EN-FI_EN-ET.pdf&#8221; url_new_window=&#8221;on&#8221; button_text=&#8221;CE-SERTIFIKAADID&#8221; _builder_version=&#8221;4.25.1&#8243; _module_preset=&#8221;default&#8221; custom_button=&#8221;on&#8221; button_text_size=&#8221;13px&#8221; button_text_color=&#8221;#000000&#8243; button_border_width=&#8221;0px&#8221; button_border_color=&#8221;#8aa5d2&#8243; button_border_radius=&#8221;4px&#8221; button_font=&#8221;Montserrat|||on|||||&#8221; button_icon=&#8221;&#xf1c1;||fa||900&#8243; button_icon_placement=&#8221;left&#8221; button_on_hover=&#8221;off&#8221; custom_margin=&#8221;||1px|||&#8221; hover_enabled=&#8221;0&#8243; locked=&#8221;off&#8221; global_colors_info=&#8221;{}&#8221; sticky_enabled=&#8221;0&#8243;][\/et_pb_button][\/et_pb_column][et_pb_column type=&#8221;1_4&#8243; _builder_version=&#8221;4.17.3&#8243; _module_preset=&#8221;default&#8221; global_colors_info=&#8221;{}&#8221;][\/et_pb_column][\/et_pb_row][\/et_pb_section][et_pb_section fb_built=&#8221;1&#8243; admin_label=&#8221;Section&#8221; _builder_version=&#8221;4.17.3&#8243; _module_preset=&#8221;default&#8221; background_image=&#8221;https:\/\/seroco.fi\/wp-content\/uploads\/2022\/02\/interior-design-38-7.png&#8221; background_size=&#8221;initial&#8221; background_position=&#8221;bottom_center&#8221; background_repeat=&#8221;repeat-x&#8221; background_pattern_repeat_origin=&#8221;top_right&#8221; background_pattern_horizontal_offset=&#8221;12%&#8221; background_enable_mask_style=&#8221;on&#8221; background_mask_style=&#8221;triangles&#8221; background_mask_color=&#8221;rgba(144,166,212,0.14)&#8221; background_mask_transform=&#8221;invert&#8221; background_mask_size=&#8221;custom&#8221; background_mask_width=&#8221;51%&#8221; background_mask_height=&#8221;100%&#8221; background_mask_position=&#8221;top_right&#8221; background_mask_horizontal_offset=&#8221;-6%&#8221; background_mask_vertical_offset=&#8221;-18%&#8221; custom_padding=&#8221;9px||55px||false|&#8221; da_disable_devices=&#8221;off|off|off&#8221; locked=&#8221;off&#8221; global_colors_info=&#8221;{}&#8221; da_is_popup=&#8221;off&#8221; da_exit_intent=&#8221;off&#8221; da_has_close=&#8221;on&#8221; da_alt_close=&#8221;off&#8221; da_dark_close=&#8221;off&#8221; da_not_modal=&#8221;on&#8221; da_is_singular=&#8221;off&#8221; da_with_loader=&#8221;off&#8221; da_has_shadow=&#8221;on&#8221;][et_pb_row _builder_version=&#8221;4.17.3&#8243; _module_preset=&#8221;default&#8221; max_width=&#8221;80%&#8221; global_colors_info=&#8221;{}&#8221;][et_pb_column type=&#8221;4_4&#8243; _builder_version=&#8221;4.17.3&#8243; _module_preset=&#8221;default&#8221; global_colors_info=&#8221;{}&#8221;][et_pb_button button_url=&#8221;https:\/\/seroco.fi\/et\/ringlusohu-kutteseadmed\/&#8221; button_text=&#8221;tagasi&#8221; _builder_version=&#8221;4.21.0&#8243; _module_preset=&#8221;default&#8221; custom_button=&#8221;on&#8221; button_text_size=&#8221;14px&#8221; button_text_color=&#8221;#000000&#8243; button_bg_color=&#8221;RGBA(255,255,255,0)&#8221; button_border_width=&#8221;1px&#8221; button_border_color=&#8221;#000000&#8243; button_font=&#8221;|||on|||||&#8221; button_icon=&#8221;&#x23;||divi||400&#8243; button_icon_placement=&#8221;left&#8221; button_on_hover=&#8221;off&#8221; global_colors_info=&#8221;{}&#8221;][\/et_pb_button][\/et_pb_column][\/et_pb_row][et_pb_row column_structure=&#8221;1_2,1_2&#8243; _builder_version=&#8221;4.17.3&#8243; _module_preset=&#8221;default&#8221; width=&#8221;90%&#8221; max_width=&#8221;90%&#8221; module_alignment=&#8221;center&#8221; custom_margin=&#8221;|auto|19px|auto||&#8221; custom_padding=&#8221;8px||8px|||&#8221; global_colors_info=&#8221;{}&#8221;][et_pb_column type=&#8221;1_2&#8243; _builder_version=&#8221;4.16&#8243; _module_preset=&#8221;default&#8221; background_enable_color=&#8221;off&#8221; global_colors_info=&#8221;{}&#8221;][et_pb_gallery gallery_ids=&#8221;26667&#8243; fullwidth=&#8221;on&#8221; _builder_version=&#8221;4.22.2&#8243; _module_preset=&#8221;default&#8221; width=&#8221;50%&#8221; module_alignment=&#8221;center&#8221; global_colors_info=&#8221;{}&#8221;][\/et_pb_gallery][\/et_pb_column][et_pb_column type=&#8221;1_2&#8243; _builder_version=&#8221;4.16&#8243; _module_preset=&#8221;default&#8221; global_colors_info=&#8221;{}&#8221;][et_pb_text _builder_version=&#8221;4.22.2&#8243; _module_preset=&#8221;default&#8221; text_font=&#8221;Montserrat||||||||&#8221; text_text_color=&#8221;#000000&#8243; text_font_size=&#8221;18px&#8221; text_line_height=&#8221;2em&#8221; width=&#8221;100%&#8221; custom_margin=&#8221;52px|||||&#8221; global_colors_info=&#8221;{}&#8221;]<\/p>\n<p>Vajadusel tarnime ka ringlus\u00f5hu k\u00fctteseadmete juhtseadmeid ja klappe. Kasutame meie enda tehase v\u00f5i tuntud tootjate tooteid. Valiku teeme vastavalt kliendi vajadustele.<\/p>\n<p>[\/et_pb_text][\/et_pb_column][\/et_pb_row][\/et_pb_section]<\/p>\n","protected":false},"excerpt":{"rendered":"<p>Vajadusel tarnime ka ringlus\u00f5hu k\u00fctteseadmete juhtseadmeid ja klappe. Kasutame meie enda tehase v\u00f5i tuntud tootjate tooteid. Valiku teeme vastavalt kliendi vajadustele.<\/p>\n","protected":false},"author":3,"featured_media":0,"parent":0,"menu_order":0,"comment_status":"closed","ping_status":"closed","template":"","meta":{"_acf_changed":false,"_et_pb_use_builder":"on","_et_pb_old_content":"","_et_gb_content_width":"","footnotes":""},"class_list":["post-26701","page","type-page","status-publish","hentry"],"acf":[],"_links":{"self":[{"href":"https:\/\/seroco.fi\/et\/wp-json\/wp\/v2\/pages\/26701","targetHints":{"allow":["GET"]}}],"collection":[{"href":"https:\/\/seroco.fi\/et\/wp-json\/wp\/v2\/pages"}],"about":[{"href":"https:\/\/seroco.fi\/et\/wp-json\/wp\/v2\/types\/page"}],"author":[{"embeddable":true,"href":"https:\/\/seroco.fi\/et\/wp-json\/wp\/v2\/users\/3"}],"replies":[{"embeddable":true,"href":"https:\/\/seroco.fi\/et\/wp-json\/wp\/v2\/comments?post=26701"}],"version-history":[{"count":3,"href":"https:\/\/seroco.fi\/et\/wp-json\/wp\/v2\/pages\/26701\/revisions"}],"predecessor-version":[{"id":26704,"href":"https:\/\/seroco.fi\/et\/wp-json\/wp\/v2\/pages\/26701\/revisions\/26704"}],"wp:attachment":[{"href":"https:\/\/seroco.fi\/et\/wp-json\/wp\/v2\/media?parent=26701"}],"curies":[{"name":"wp","href":"https:\/\/api.w.org\/{rel}","templated":true}]}}