{"id":26752,"date":"2022-05-23T06:04:03","date_gmt":"2022-05-23T06:04:03","guid":{"rendered":"https:\/\/seroco.fi\/kontakt\/"},"modified":"2024-06-19T10:45:58","modified_gmt":"2024-06-19T10:45:58","slug":"kontakt","status":"publish","type":"page","link":"https:\/\/seroco.fi\/et\/kontakt\/","title":{"rendered":"Kontakt"},"content":{"rendered":"<p>[et_pb_section fb_built=&#8221;1&#8243; _builder_version=&#8221;4.17.3&#8243; _module_preset=&#8221;default&#8221; background_color=&#8221;#f7f7f7&#8243; background_image=&#8221;https:\/\/seroco.fi\/wp-content\/uploads\/2022\/02\/interior-design-38-8.png&#8221; background_size=&#8221;initial&#8221; background_position=&#8221;top_center&#8221; background_repeat=&#8221;repeat-x&#8221; custom_padding=&#8221;||17px|||&#8221; da_disable_devices=&#8221;off|off|off&#8221; global_colors_info=&#8221;{}&#8221; da_is_popup=&#8221;off&#8221; da_exit_intent=&#8221;off&#8221; da_has_close=&#8221;on&#8221; da_alt_close=&#8221;off&#8221; da_dark_close=&#8221;off&#8221; da_not_modal=&#8221;on&#8221; da_is_singular=&#8221;off&#8221; da_with_loader=&#8221;off&#8221; da_has_shadow=&#8221;on&#8221;][et_pb_row column_structure=&#8221;1_2,1_2&#8243; _builder_version=&#8221;4.22.1&#8243; _module_preset=&#8221;default&#8221; hover_enabled=&#8221;0&#8243; global_colors_info=&#8221;{}&#8221; sticky_enabled=&#8221;0&#8243;][et_pb_column type=&#8221;1_2&#8243; _builder_version=&#8221;4.17.3&#8243; _module_preset=&#8221;default&#8221; global_colors_info=&#8221;{}&#8221;][et_pb_text _builder_version=&#8221;4.21.0&#8243; _module_preset=&#8221;default&#8221; text_font=&#8221;Montserrat||||||||&#8221; header_font=&#8221;Montserrat||||||||&#8221; global_colors_info=&#8221;{}&#8221;]<\/p>\n<h2>Hoolduse tellimisankeet<\/h2>\n<p>[\/et_pb_text][et_pb_text _builder_version=&#8221;4.17.3&#8243; _module_preset=&#8221;default&#8221; text_font=&#8221;Montserrat||||||||&#8221; text_text_color=&#8221;#000000&#8243; global_colors_info=&#8221;{}&#8221;]<\/p>\n<p>Lisage s\u00f5numile j\u00e4rgmine teave:<\/p>\n<p>Objekti nimi<\/p>\n<p>Toode, seerianumber ja paigalduskuup\u00e4ev<\/p>\n<p>Hooldustaotlus v\u00f5i vea \u00fcksikasjalik kirjeldus<\/p>\n<p>[\/et_pb_text][\/et_pb_column][et_pb_column type=&#8221;1_2&#8243; _builder_version=&#8221;4.17.3&#8243; _module_preset=&#8221;default&#8221; global_colors_info=&#8221;{}&#8221;][et_pb_text _builder_version=&#8221;4.21.0&#8243; _module_preset=&#8221;default&#8221; text_font=&#8221;Montserrat||||||||&#8221; header_font=&#8221;Montserrat||||||||&#8221; header_2_font=&#8221;Montserrat||||||||&#8221; global_colors_info=&#8221;{}&#8221;]<\/p>\n<h2>Seroco Estonia O\u00dc<\/h2>\n<p>[\/et_pb_text][et_pb_text _builder_version=&#8221;4.21.0&#8243; _module_preset=&#8221;default&#8221; text_font=&#8221;Montserrat||||||||&#8221; text_text_color=&#8221;#000000&#8243; custom_padding=&#8221;||0px|||&#8221; global_colors_info=&#8221;{}&#8221;]<\/p>\n<p>Narva maantee 63-E310<\/p>\n<p>10120 Tallinn<\/p>\n<p>KMKR number EE101799618<\/p>\n<p>Registrikood 12862907<\/p>\n<p><a href=\"mailto:seroco@seroco.ee\" target=\"_top\" rel=\"noopener\">E-post: seroco@seroco.ee<\/a><\/p>\n<p>[\/et_pb_text][\/et_pb_column][\/et_pb_row][\/et_pb_section][et_pb_section fb_built=&#8221;1&#8243; _builder_version=&#8221;4.21.0&#8243; custom_margin=&#8221;60px||||false|false&#8221; custom_padding=&#8221;62px|0px|62px|0px|true|false&#8221; da_disable_devices=&#8221;off|off|off&#8221; global_colors_info=&#8221;{}&#8221; da_is_popup=&#8221;off&#8221; da_exit_intent=&#8221;off&#8221; da_has_close=&#8221;on&#8221; da_alt_close=&#8221;off&#8221; da_dark_close=&#8221;off&#8221; da_not_modal=&#8221;on&#8221; da_is_singular=&#8221;off&#8221; da_with_loader=&#8221;off&#8221; da_has_shadow=&#8221;on&#8221;][et_pb_row _builder_version=&#8221;4.16&#8243; custom_padding=&#8221;|0px||0px|false|false&#8221; global_colors_info=&#8221;{}&#8221;][et_pb_column type=&#8221;4_4&#8243; _builder_version=&#8221;4.16&#8243; custom_padding=&#8221;|||&#8221; global_colors_info=&#8221;{}&#8221; custom_padding__hover=&#8221;|||&#8221;][et_pb_text _builder_version=&#8221;4.17.3&#8243; text_font=&#8221;Montserrat|700|||||||&#8221; text_text_color=&#8221;#000000&#8243; text_font_size=&#8221;30px&#8221; header_font=&#8221;Montserrat||||||||&#8221; text_orientation=&#8221;center&#8221; custom_margin=&#8221;-72px|||||&#8221; text_font_size_tablet=&#8221;&#8221; text_font_size_phone=&#8221;20px&#8221; text_font_size_last_edited=&#8221;on|desktop&#8221; global_colors_info=&#8221;{}&#8221;]<\/p>\n<p>Seroco Estonia O\u00dc<\/p>\n<p>[\/et_pb_text][\/et_pb_column][\/et_pb_row][et_pb_row column_structure=&#8221;1_4,1_4,1_4,1_4&#8243; use_custom_gutter=&#8221;on&#8221; _builder_version=&#8221;4.16&#8243; global_colors_info=&#8221;{}&#8221;][et_pb_column type=&#8221;1_4&#8243; _builder_version=&#8221;4.16&#8243; custom_padding=&#8221;|||&#8221; global_colors_info=&#8221;{}&#8221; custom_padding__hover=&#8221;|||&#8221;][et_pb_blurb title=&#8221;Risto Kiviranta&#8221; image_icon_width=&#8221;52%&#8221; _builder_version=&#8221;4.17.3&#8243; header_font=&#8221;Montserrat|600|||||||&#8221; header_text_align=&#8221;center&#8221; header_text_color=&#8221;#000000&#8243; header_font_size=&#8221;16px&#8221; body_font=&#8221;Montserrat||||||||&#8221; body_text_align=&#8221;center&#8221; body_text_color=&#8221;#000000&#8243; body_font_size=&#8221;15px&#8221; body_line_height=&#8221;1.6em&#8221; animation=&#8221;off&#8221; image_max_width=&#8221;52%&#8221; global_colors_info=&#8221;{}&#8221;]<\/p>\n<p>M\u00fc\u00fck<\/p>\n<p><a href=\"tel:+358505521053\">Telefon: +358 50 5521 053<\/a><\/p>\n<p><a href=\"mailto:risto.kiviranta@seroco.ee\" target=\"_top\" rel=\"noopener\">E-post: risto.kiviranta@seroco.ee<\/a><\/p>\n<p>[\/et_pb_blurb][\/et_pb_column][et_pb_column type=&#8221;1_4&#8243; _builder_version=&#8221;4.16&#8243; custom_padding=&#8221;|||&#8221; global_colors_info=&#8221;{}&#8221; custom_padding__hover=&#8221;|||&#8221;][et_pb_blurb title=&#8221;Kari Pitk\u00e4nen&#8221; image_icon_width=&#8221;52%&#8221; _builder_version=&#8221;4.21.0&#8243; header_font=&#8221;Montserrat|600|||||||&#8221; header_text_align=&#8221;center&#8221; header_text_color=&#8221;#000000&#8243; header_font_size=&#8221;16px&#8221; body_font=&#8221;Montserrat||||||||&#8221; body_text_align=&#8221;center&#8221; body_text_color=&#8221;#000000&#8243; body_font_size=&#8221;15px&#8221; body_line_height=&#8221;1.6em&#8221; animation=&#8221;off&#8221; image_max_width=&#8221;52%&#8221; global_colors_info=&#8221;{}&#8221;]<\/p>\n<p style=\"text-align: center;\">Arendus<\/p>\n<p style=\"text-align: center;\"><a href=\"tel:+358406706339\">Mobil: +358 40 6706339<\/a><\/p>\n<p style=\"text-align: center;\"><a href=\"mailto:kari.pitkanen@seroco.ee\" target=\"_top\" rel=\"noopener\">E-post: kari.pitkanen@seroco.ee<\/a><\/p>\n<p>[\/et_pb_blurb][\/et_pb_column][et_pb_column type=&#8221;1_4&#8243; _builder_version=&#8221;4.16&#8243; custom_padding=&#8221;|||&#8221; global_colors_info=&#8221;{}&#8221; custom_padding__hover=&#8221;|||&#8221;][et_pb_blurb title=&#8221;Laura Murola&#8221; image_icon_width=&#8221;52%&#8221; _builder_version=&#8221;4.17.3&#8243; header_font=&#8221;Montserrat|600|||||||&#8221; header_text_align=&#8221;center&#8221; header_text_color=&#8221;#000000&#8243; header_font_size=&#8221;16px&#8221; body_font=&#8221;Montserrat||||||||&#8221; body_text_align=&#8221;center&#8221; body_text_color=&#8221;#000000&#8243; body_font_size=&#8221;15px&#8221; body_line_height=&#8221;1.6em&#8221; animation=&#8221;off&#8221; image_max_width=&#8221;52%&#8221; global_colors_info=&#8221;{}&#8221;]<\/p>\n<p style=\"text-align: center;\">Arveldused ja logistika<\/p>\n<p style=\"text-align: center;\"><a href=\"tel:+358400514544\">Telefon: +358 400 514 544<\/a><\/p>\n<p style=\"text-align: center;\"><a href=\"mailto:laura.murola@seroco.ee\" target=\"_top\" rel=\"noopener\">E-post: laura.murola@seroco.ee<\/a><\/p>\n<p>[\/et_pb_blurb][\/et_pb_column][et_pb_column type=&#8221;1_4&#8243; _builder_version=&#8221;4.16&#8243; custom_padding=&#8221;|||&#8221; global_colors_info=&#8221;{}&#8221; custom_padding__hover=&#8221;|||&#8221;][et_pb_blurb title=&#8221;Teenindus\/hooldus&#8221; image_icon_width=&#8221;52%&#8221; _builder_version=&#8221;4.21.0&#8243; header_font=&#8221;Montserrat|600|||||||&#8221; header_text_align=&#8221;center&#8221; header_text_color=&#8221;#000000&#8243; header_font_size=&#8221;16px&#8221; body_font=&#8221;Montserrat||||||||&#8221; body_text_align=&#8221;center&#8221; body_text_color=&#8221;#000000&#8243; body_font_size=&#8221;15px&#8221; body_line_height=&#8221;1.6em&#8221; animation=&#8221;off&#8221; image_max_width=&#8221;52%&#8221; global_colors_info=&#8221;{}&#8221;]<\/p>\n<p style=\"text-align: center;\"><a href=\"mailto:seroco@seroco.ee\" target=\"_top\" rel=\"noopener\">E-post: seroco@seroco.ee<\/a><\/p>\n<p>[\/et_pb_blurb][\/et_pb_column][\/et_pb_row][et_pb_row _builder_version=&#8221;4.17.3&#8243; _module_preset=&#8221;default&#8221; global_colors_info=&#8221;{}&#8221;][et_pb_column type=&#8221;4_4&#8243; _builder_version=&#8221;4.17.3&#8243; _module_preset=&#8221;default&#8221; global_colors_info=&#8221;{}&#8221;][et_pb_code _builder_version=&#8221;4.17.3&#8243; _module_preset=&#8221;default&#8221; global_colors_info=&#8221;{}&#8221;]<iframe src=\"https:\/\/www.google.com\/maps\/embed?pb=!1m18!1m12!1m3!1d2028.5929247680176!2d24.778804515967128!3d59.43986358169766!2m3!1f0!2f0!3f0!3m2!1i1024!2i768!4f13.1!3m3!1m2!1s0x4692935ac4129e05%3A0xdc30fd274d8995ab!2sSeroco%20Estonia%20O%C3%9C!5e0!3m2!1sen!2see!4v1653296788773!5m2!1sen!2see\" width=\"1200\" height=\"450\" style=\"border:0;\" allowfullscreen=\"\" loading=\"lazy\" referrerpolicy=\"no-referrer-when-downgrade\"><\/iframe>[\/et_pb_code][\/et_pb_column][\/et_pb_row][\/et_pb_section]<\/p>\n","protected":false},"excerpt":{"rendered":"<p>Hoolduse tellimisankeetLisage s\u00f5numile j\u00e4rgmine teave: Objekti nimi Toode, seerianumber ja paigalduskuup\u00e4ev Hooldustaotlus v\u00f5i vea \u00fcksikasjalik kirjeldusSeroco Estonia O\u00dcNarva maantee 63-E310 10120 Tallinn KMKR number EE101799618 Registrikood 12862907 E-post: seroco@seroco.eeSeroco Estonia O\u00dcM\u00fc\u00fck Telefon: +358 50 5521 053 E-post: risto.kiviranta@seroco.eeArendus Mobil: +358 40 6706339 E-post: kari.pitkanen@seroco.eeArveldused ja logistika Telefon: +358 400 514 544 E-post: laura.murola@seroco.eeE-post: seroco@seroco.ee<\/p>\n","protected":false},"author":1,"featured_media":0,"parent":0,"menu_order":0,"comment_status":"closed","ping_status":"closed","template":"","meta":{"_acf_changed":false,"_et_pb_use_builder":"on","_et_pb_old_content":"","_et_gb_content_width":"","footnotes":""},"class_list":["post-26752","page","type-page","status-publish","hentry"],"acf":[],"_links":{"self":[{"href":"https:\/\/seroco.fi\/et\/wp-json\/wp\/v2\/pages\/26752","targetHints":{"allow":["GET"]}}],"collection":[{"href":"https:\/\/seroco.fi\/et\/wp-json\/wp\/v2\/pages"}],"about":[{"href":"https:\/\/seroco.fi\/et\/wp-json\/wp\/v2\/types\/page"}],"author":[{"embeddable":true,"href":"https:\/\/seroco.fi\/et\/wp-json\/wp\/v2\/users\/1"}],"replies":[{"embeddable":true,"href":"https:\/\/seroco.fi\/et\/wp-json\/wp\/v2\/comments?post=26752"}],"version-history":[{"count":2,"href":"https:\/\/seroco.fi\/et\/wp-json\/wp\/v2\/pages\/26752\/revisions"}],"predecessor-version":[{"id":26754,"href":"https:\/\/seroco.fi\/et\/wp-json\/wp\/v2\/pages\/26752\/revisions\/26754"}],"wp:attachment":[{"href":"https:\/\/seroco.fi\/et\/wp-json\/wp\/v2\/media?parent=26752"}],"curies":[{"name":"wp","href":"https:\/\/api.w.org\/{rel}","templated":true}]}}